{"id":14465,"date":"2026-03-26T05:53:26","date_gmt":"2026-03-26T05:53:26","guid":{"rendered":"https:\/\/branddistinction.shop\/?post_type=product&#038;p=14465"},"modified":"2026-03-26T06:06:57","modified_gmt":"2026-03-26T06:06:57","slug":"more-protein-iced-coffee-eiskaffee-genuss-mit-19g-protein-und-95-weniger-zucker","status":"publish","type":"product","link":"https:\/\/branddistinction.shop\/de\/produkt\/more-protein-iced-coffee-eiskaffee-genuss-mit-19g-protein-und-95-weniger-zucker\/","title":{"rendered":"More Protein Iced Coffee &#8211; Eiskaffee-Genuss mit 19g Protein und 95% weniger Zucker"},"content":{"rendered":"<div data-elementor-type=\"product-post\" data-elementor-id=\"14465\" class=\"elementor elementor-14465\" data-elementor-post-type=\"product\">\n\t\t\t\t<div class=\"elementor-element elementor-element-7f7c3daf e-flex e-con-boxed e-con e-parent\" data-id=\"7f7c3daf\" data-element_type=\"container\" data-settings=\"{&quot;ekit_has_onepagescroll_dot&quot;:&quot;yes&quot;}\">\n\t\t\t\t\t<div class=\"e-con-inner\">\n\t\t<div class=\"elementor-element elementor-element-1fac1e4c e-grid e-con-full e-con e-child\" data-id=\"1fac1e4c\" data-element_type=\"container\" data-settings=\"{&quot;ekit_has_onepagescroll_dot&quot;:&quot;yes&quot;}\">\n\t\t\t\t<div class=\"elementor-element elementor-element-1a0b4ec9 elementor-widget elementor-widget-video\" data-id=\"1a0b4ec9\" data-element_type=\"widget\" data-settings=\"{&quot;video_type&quot;:&quot;hosted&quot;,&quot;controls&quot;:&quot;yes&quot;,&quot;ekit_we_effect_on&quot;:&quot;none&quot;}\" data-widget_type=\"video.default\">\n\t\t\t\t<div class=\"elementor-widget-container\">\n\t\t\t\t\t\t\t<div class=\"e-hosted-video elementor-wrapper elementor-open-inline\">\n\t\t\t\t\t<video class=\"elementor-video\" src=\"https:\/\/branddistinction.shop\/wp-content\/uploads\/2026\/03\/video_2026-03-26_09-30-09.mp4\" controls=\"\" preload=\"metadata\" controlslist=\"nodownload\"><\/video>\n\t\t\t\t<\/div>\n\t\t\t\t\t\t<\/div>\n\t\t\t\t<\/div>\n\t\t\t\t<div class=\"elementor-element elementor-element-74edcc1c elementor-widget elementor-widget-text-editor\" data-id=\"74edcc1c\" data-element_type=\"widget\" data-settings=\"{&quot;ekit_we_effect_on&quot;:&quot;none&quot;}\" data-widget_type=\"text-editor.default\">\n\t\t\t\t<div class=\"elementor-widget-container\">\n\t\t\t\t\t\t\t\t\t<div class=\"elementor-widget-container\">\n    <h3>Produkt-Informationen<\/h3>\n    <h4>Features &#038; Specs<\/h4>\n\n    <div class=\"product-table\">\n        <div class=\"product-row\">\n            <div class=\"product-label\">Geschmack<\/div>\n            <div class=\"product-value\">Iced Coffee<\/div>\n        <\/div>\n        <div class=\"product-row\">\n            <div class=\"product-label\">Diet Type<\/div>\n            <div class=\"product-value\">Vegetarian<\/div>\n        <\/div>\n        <div class=\"product-row\">\n            <div class=\"product-label\">Benefits<\/div>\n            <div class=\"product-value\">25g Protein per Serving, Muscle Growth, Real Coffee<\/div>\n        <\/div>\n        <div class=\"product-row\">\n            <div class=\"product-label\">Protein Source<\/div>\n            <div class=\"product-value\">Casein, Whey<\/div>\n        <\/div>\n        <div class=\"product-row\">\n            <div class=\"product-label\">Supplement Formulation<\/div>\n            <div class=\"product-value\">Individual Supplement<\/div>\n        <\/div>\n    <\/div>\n\n    <style>\n        .product-table {\n            width: 100%;\n            border-top: 1px solid #000;\n            font-family: Arial, sans-serif;\n        }\n        .product-row {\n            display: flex;\n            border-bottom: 1px solid #000;\n            padding: 12px 0;\n        }\n        .product-label {\n            flex: 1;\n            font-weight: bold;\n            min-width: 200px;\n            padding-right: 20px;\n        }\n        .product-value {\n            flex: 1;\n            min-width: 200px;\n        }\n        h3, h4 {\n            font-family: Arial, sans-serif;\n            margin: 0.5em 0;\n        }\n    <\/style>\n<\/div>\t\t\t\t\t\t\t\t<\/div>\n\t\t\t\t<\/div>\n\t\t\t\t<\/div>\n\t\t<div class=\"elementor-element elementor-element-7fd2c8c9 e-con-full e-flex e-con e-child\" data-id=\"7fd2c8c9\" data-element_type=\"container\" data-settings=\"{&quot;ekit_has_onepagescroll_dot&quot;:&quot;yes&quot;}\">\n\t\t\t\t<div class=\"elementor-element elementor-element-57237635 elementor-widget elementor-widget-heading\" data-id=\"57237635\" data-element_type=\"widget\" data-settings=\"{&quot;ekit_we_effect_on&quot;:&quot;none&quot;}\" data-widget_type=\"heading.default\">\n\t\t\t\t<div class=\"elementor-widget-container\">\n\t\t\t\t\t<h2 class=\"elementor-heading-title elementor-size-default\">\nWichtige Informationen<\/h2>\t\t\t\t<\/div>\n\t\t\t\t<\/div>\n\t\t\t\t<div class=\"elementor-element elementor-element-3d3609bf elementor-widget elementor-widget-text-editor\" data-id=\"3d3609bf\" data-element_type=\"widget\" data-settings=\"{&quot;ekit_we_effect_on&quot;:&quot;none&quot;}\" data-widget_type=\"text-editor.default\">\n\t\t\t\t<div class=\"elementor-widget-container\">\n\t\t\t\t\t\t\t\t\t<h4>Safety Information:<\/h4>\t\t\t\t\t\t\t\t<\/div>\n\t\t\t\t<\/div>\n\t\t\t\t<div class=\"elementor-element elementor-element-6c422a7d elementor-widget elementor-widget-text-editor\" data-id=\"6c422a7d\" data-element_type=\"widget\" data-settings=\"{&quot;ekit_we_effect_on&quot;:&quot;none&quot;}\" data-widget_type=\"text-editor.default\">\n\t\t\t\t<div class=\"elementor-widget-container\">\n\t\t\t\t\t\t\t\t\t<p>Increased caffeine content (27 mg\/100 ml). Not recommended for children and pregnant or breastfeeding women. To ensure optimal compatibility and effect, please prepare according to our recommendation before consumption. The powder alone is not suitable for consumption. A varied and balanced diet as well as a healthy lifestyle are important. Storage: Store in a dry place, sealed and protected from light and heat.<\/p>\t\t\t\t\t\t\t\t<\/div>\n\t\t\t\t<\/div>\n\t\t\t\t<div class=\"elementor-element elementor-element-a9bcb83 elementor-widget elementor-widget-text-editor\" data-id=\"a9bcb83\" data-element_type=\"widget\" data-settings=\"{&quot;ekit_we_effect_on&quot;:&quot;none&quot;}\" data-widget_type=\"text-editor.default\">\n\t\t\t\t<div class=\"elementor-widget-container\">\n\t\t\t\t\t\t\t\t\t<h4>Ingredients:<\/h4>\t\t\t\t\t\t\t\t<\/div>\n\t\t\t\t<\/div>\n\t\t\t\t<div class=\"elementor-element elementor-element-50b018d9 elementor-widget elementor-widget-text-editor\" data-id=\"50b018d9\" data-element_type=\"widget\" data-settings=\"{&quot;ekit_we_effect_on&quot;:&quot;none&quot;}\" data-widget_type=\"text-editor.default\">\n\t\t\t\t<div class=\"elementor-widget-container\">\n\t\t\t\t\t\t\t\t\t<p>Whey protein concentrate 49.5%, whey protein isolate 19.6%, skimmed milk powder, white chocolate crisps 6% [white chocolate 84% (sugar, cocoa butter, whole milk powder, whey protein powder, emulsifier (lecithin (soya)), natural vanilla flavouring), crispy Cerealien 1 5% (wheat flour, sugar, wheat malt flour, starch (wheat), raising agent (sodium hydrogen carbonate), salt, cocoa butter, natural vanilla flavour), glucose syrup, sugar, coating agent (gum arabic)], instant coffee 5.4%, cream powder, aroma, emulsifier (lecithin (sun blume, blblume, blbl), lactase, thickener (guar gum), sweeteners (sucralose, glycosylated steviol glycosides), caffeine. Origin Ingredients: EU\/Non-EU. *Contains 90% less sugar than conventional instant iced coffee sweetened only with sugar without the use of sweeteners. **Sources and ratio of the lecithins contained may vary due to availability<\/p>\t\t\t\t\t\t\t\t<\/div>\n\t\t\t\t<\/div>\n\t\t\t\t<div class=\"elementor-element elementor-element-163adcc6 elementor-widget elementor-widget-text-editor\" data-id=\"163adcc6\" data-element_type=\"widget\" data-settings=\"{&quot;ekit_we_effect_on&quot;:&quot;none&quot;}\" data-widget_type=\"text-editor.default\">\n\t\t\t\t<div class=\"elementor-widget-container\">\n\t\t\t\t\t\t\t\t\t<h4>Wegbeschreibung:<\/h4>\t\t\t\t\t\t\t\t<\/div>\n\t\t\t\t<\/div>\n\t\t\t\t<div class=\"elementor-element elementor-element-7a8e1303 elementor-widget elementor-widget-text-editor\" data-id=\"7a8e1303\" data-element_type=\"widget\" data-settings=\"{&quot;ekit_we_effect_on&quot;:&quot;none&quot;}\" data-widget_type=\"text-editor.default\">\n\t\t\t\t<div class=\"elementor-widget-container\">\n\t\t\t\t\t\t\t\t\t<p>Prepare 25 g powder (1 level measuring spoon, inside) with 300 ml of cold, unsweetened almond drink in a blender\/shaker. Tip: Alternatively, you can also prepare your iced coffee with water, low-fat milk (1.5%) or another plant-based drink of your choice (changes the nutritional values)<\/p>\t\t\t\t\t\t\t\t<\/div>\n\t\t\t\t<\/div>\n\t\t\t\t<\/div>\n\t\t\t\t\t<\/div>\n\t\t\t\t<\/div>\n\t\t<div class=\"elementor-element elementor-element-732ad9f9 e-flex e-con-boxed e-con e-parent\" data-id=\"732ad9f9\" data-element_type=\"container\" data-settings=\"{&quot;ekit_has_onepagescroll_dot&quot;:&quot;yes&quot;}\">\n\t\t\t\t\t<div class=\"e-con-inner\">\n\t\t\t\t<div class=\"elementor-element elementor-element-302bfbb4 elementor--h-position-center elementor--v-position-middle elementor-arrows-position-inside elementor-pagination-position-inside elementor-widget elementor-widget-slides\" data-id=\"302bfbb4\" data-element_type=\"widget\" data-settings=\"{&quot;navigation&quot;:&quot;both&quot;,&quot;autoplay&quot;:&quot;yes&quot;,&quot;pause_on_hover&quot;:&quot;yes&quot;,&quot;pause_on_interaction&quot;:&quot;yes&quot;,&quot;autoplay_speed&quot;:5000,&quot;infinite&quot;:&quot;yes&quot;,&quot;transition&quot;:&quot;slide&quot;,&quot;transition_speed&quot;:500,&quot;ekit_we_effect_on&quot;:&quot;none&quot;}\" data-widget_type=\"slides.default\">\n\t\t\t\t<div class=\"elementor-widget-container\">\n\t\t\t\t\t\t\t\t\t<div class=\"elementor-swiper\">\r\n\t\t\t\t\t<div class=\"elementor-slides-wrapper elementor-main-swiper swiper\" role=\"region\" aria-roledescription=\"carousel\" aria-label=\"Dias\" dir=\"ltr\" data-animation=\"fadeInUp\">\r\n\t\t\t\t<div class=\"swiper-wrapper elementor-slides\">\r\n\t\t\t\t\t\t\t\t\t\t<div class=\"elementor-repeater-item-524d7f7 swiper-slide\" role=\"group\" aria-roledescription=\"slide\"><div class=\"swiper-slide-bg\" role=\"img\" aria-label=\"12ad781c-49b3-483f-a48a-16ff65d3c428.__CR001464600_PT0_SX1464_V1___.jpg\"><\/div><div class=\"swiper-slide-inner\" ><div class=\"swiper-slide-contents\"><\/div><\/div><\/div><div class=\"elementor-repeater-item-07fc600 swiper-slide\" role=\"group\" aria-roledescription=\"slide\"><div class=\"swiper-slide-bg\" role=\"img\" aria-label=\"eb7a3458-6767-46a9-909a-5871a0473fe3.__CR001464600_PT0_SX1464_V1___.jpg\"><\/div><div class=\"swiper-slide-inner\" ><div class=\"swiper-slide-contents\"><\/div><\/div><\/div><div class=\"elementor-repeater-item-3871329 swiper-slide\" role=\"group\" aria-roledescription=\"slide\"><div class=\"swiper-slide-bg\" role=\"img\" aria-label=\"b9c76e17-cfaa-4325-bba7-116298c5c303.__CR001464600_PT0_SX1464_V1___.jpg\"><\/div><div class=\"swiper-slide-inner\" ><div class=\"swiper-slide-contents\"><\/div><\/div><\/div>\t\t\t\t<\/div>\r\n\t\t\t\t\t\t\t\t\t\t\t\t\t\t\t<div class=\"elementor-swiper-button elementor-swiper-button-prev\" role=\"button\" tabindex=\"0\" aria-label=\"Vorheriges Dia\">\r\n\t\t\t\t\t\t\t<svg aria-hidden=\"true\" class=\"e-font-icon-svg e-eicon-chevron-left\" viewbox=\"0 0 1000 1000\" xmlns=\"http:\/\/www.w3.org\/2000\/svg\"><path d=\"M646 125C629 125 613 133 604 142L308 442C296 454 292 471 292 487 292 504 296 521 308 533L604 854C617 867 629 875 646 875 663 875 679 871 692 858 704 846 713 829 713 812 713 796 708 779 692 767L438 487 692 225C700 217 708 204 708 187 708 171 704 154 692 142 675 129 663 125 646 125Z\"><\/path><\/svg>\t\t\t\t\t\t<\/div>\r\n\t\t\t\t\t\t<div class=\"elementor-swiper-button elementor-swiper-button-next\" role=\"button\" tabindex=\"0\" aria-label=\"N\u00e4chste Folie\">\r\n\t\t\t\t\t\t\t<svg aria-hidden=\"true\" class=\"e-font-icon-svg e-eicon-chevron-right\" viewbox=\"0 0 1000 1000\" xmlns=\"http:\/\/www.w3.org\/2000\/svg\"><path d=\"M696 533C708 521 713 504 713 487 713 471 708 454 696 446L400 146C388 133 375 125 354 125 338 125 325 129 313 142 300 154 292 171 292 187 292 204 296 221 308 233L563 492 304 771C292 783 288 800 288 817 288 833 296 850 308 863 321 871 338 875 354 875 371 875 388 867 400 854L696 533Z\"><\/path><\/svg>\t\t\t\t\t\t<\/div>\r\n\t\t\t\t\t\t\t\t\t\t\t\t\t\t\t\t<div class=\"swiper-pagination\"><\/div>\r\n\t\t\t\t\t\t\t\t\t\t\t\t<\/div>\r\n\t\t\t\t<\/div>\r\n\t\t\t\t\t\t\t\t<\/div>\n\t\t\t\t<\/div>\n\t\t<div class=\"elementor-element elementor-element-637f8eaf e-con-full e-flex e-con e-child\" data-id=\"637f8eaf\" data-element_type=\"container\" data-settings=\"{&quot;ekit_has_onepagescroll_dot&quot;:&quot;yes&quot;}\">\n\t\t<div class=\"elementor-element elementor-element-607cb036 e-grid e-con-full e-con e-child\" data-id=\"607cb036\" data-element_type=\"container\" data-settings=\"{&quot;ekit_has_onepagescroll_dot&quot;:&quot;yes&quot;}\">\n\t\t\t\t<div class=\"elementor-element elementor-element-4ef1f08a elementor-position-top elementor-widget elementor-widget-image-box\" data-id=\"4ef1f08a\" data-element_type=\"widget\" data-settings=\"{&quot;ekit_we_effect_on&quot;:&quot;none&quot;}\" data-widget_type=\"image-box.default\">\n\t\t\t\t<div class=\"elementor-widget-container\">\n\t\t\t\t\t<div class=\"elementor-image-box-wrapper\"><figure class=\"elementor-image-box-img\"><img loading=\"lazy\" decoding=\"async\" width=\"1500\" height=\"1500\" src=\"https:\/\/branddistinction.shop\/wp-content\/uploads\/2026\/03\/711zgpj7NcL._AC_SL1500_.jpg\" class=\"attachment-full size-full wp-image-14487 wvs-archive-product-image\" alt=\"\" srcset=\"https:\/\/branddistinction.shop\/wp-content\/uploads\/2026\/03\/711zgpj7NcL._AC_SL1500_.jpg 1500w, https:\/\/branddistinction.shop\/wp-content\/uploads\/2026\/03\/711zgpj7NcL._AC_SL1500_-300x300.jpg 300w, https:\/\/branddistinction.shop\/wp-content\/uploads\/2026\/03\/711zgpj7NcL._AC_SL1500_-1024x1024.jpg 1024w, https:\/\/branddistinction.shop\/wp-content\/uploads\/2026\/03\/711zgpj7NcL._AC_SL1500_-150x150.jpg 150w, https:\/\/branddistinction.shop\/wp-content\/uploads\/2026\/03\/711zgpj7NcL._AC_SL1500_-768x768.jpg 768w, https:\/\/branddistinction.shop\/wp-content\/uploads\/2026\/03\/711zgpj7NcL._AC_SL1500_-12x12.jpg 12w, https:\/\/branddistinction.shop\/wp-content\/uploads\/2026\/03\/711zgpj7NcL._AC_SL1500_-600x600.jpg 600w, https:\/\/branddistinction.shop\/wp-content\/uploads\/2026\/03\/711zgpj7NcL._AC_SL1500_-100x100.jpg 100w, https:\/\/branddistinction.shop\/wp-content\/uploads\/2026\/03\/711zgpj7NcL._AC_SL1500_-50x50.jpg 50w, https:\/\/branddistinction.shop\/wp-content\/uploads\/2026\/03\/711zgpj7NcL._AC_SL1500_-1x1.jpg 1w, https:\/\/branddistinction.shop\/wp-content\/uploads\/2026\/03\/711zgpj7NcL._AC_SL1500_-10x10.jpg 10w\" sizes=\"auto, (max-width: 1500px) 100vw, 1500px\" \/><\/figure><div class=\"elementor-image-box-content\"><h3 class=\"elementor-image-box-title\">Power-Paket f\u00fcr den Alltag<\/h3><p class=\"elementor-image-box-description\">Stell dir vor, du genie\u00dft den perfekten Eiskaffee \u2013 cremig, k\u00fchlend und voller Geschmack. Aber das ist nicht nur ein einfacher Genuss. Mit 19 Gramm hochwertigem Protein pro Portion ist dieser Kaffee dein perfekter Begleiter \u2013 ob nach dem Sport, als s\u00e4ttigender Snack oder als kraftvoller Start in den Morgen.<\/p><\/div><\/div>\t\t\t\t<\/div>\n\t\t\t\t<\/div>\n\t\t\t\t<div class=\"elementor-element elementor-element-9f73cd0 elementor-position-top elementor-widget elementor-widget-image-box\" data-id=\"9f73cd0\" data-element_type=\"widget\" data-settings=\"{&quot;ekit_we_effect_on&quot;:&quot;none&quot;}\" data-widget_type=\"image-box.default\">\n\t\t\t\t<div class=\"elementor-widget-container\">\n\t\t\t\t\t<div class=\"elementor-image-box-wrapper\"><figure class=\"elementor-image-box-img\"><img loading=\"lazy\" decoding=\"async\" width=\"1500\" height=\"1500\" src=\"https:\/\/branddistinction.shop\/wp-content\/uploads\/2026\/03\/717RwvFGidL._AC_SL1500_.jpg\" class=\"attachment-full size-full wp-image-14488 wvs-archive-product-image\" alt=\"\" srcset=\"https:\/\/branddistinction.shop\/wp-content\/uploads\/2026\/03\/717RwvFGidL._AC_SL1500_.jpg 1500w, https:\/\/branddistinction.shop\/wp-content\/uploads\/2026\/03\/717RwvFGidL._AC_SL1500_-300x300.jpg 300w, https:\/\/branddistinction.shop\/wp-content\/uploads\/2026\/03\/717RwvFGidL._AC_SL1500_-1024x1024.jpg 1024w, https:\/\/branddistinction.shop\/wp-content\/uploads\/2026\/03\/717RwvFGidL._AC_SL1500_-150x150.jpg 150w, https:\/\/branddistinction.shop\/wp-content\/uploads\/2026\/03\/717RwvFGidL._AC_SL1500_-768x768.jpg 768w, https:\/\/branddistinction.shop\/wp-content\/uploads\/2026\/03\/717RwvFGidL._AC_SL1500_-12x12.jpg 12w, https:\/\/branddistinction.shop\/wp-content\/uploads\/2026\/03\/717RwvFGidL._AC_SL1500_-600x600.jpg 600w, https:\/\/branddistinction.shop\/wp-content\/uploads\/2026\/03\/717RwvFGidL._AC_SL1500_-100x100.jpg 100w, https:\/\/branddistinction.shop\/wp-content\/uploads\/2026\/03\/717RwvFGidL._AC_SL1500_-50x50.jpg 50w, https:\/\/branddistinction.shop\/wp-content\/uploads\/2026\/03\/717RwvFGidL._AC_SL1500_-1x1.jpg 1w, https:\/\/branddistinction.shop\/wp-content\/uploads\/2026\/03\/717RwvFGidL._AC_SL1500_-10x10.jpg 10w\" sizes=\"auto, (max-width: 1500px) 100vw, 1500px\" \/><\/figure><div class=\"elementor-image-box-content\"><h3 class=\"elementor-image-box-title\">Dein gesunder Lebensstil, leicht gemacht<\/h3><p class=\"elementor-image-box-description\">Du musst dich nicht entscheiden: Lieber lecker oder lieber gesund? Hier bekommst du beides. Der Protein-Eiskaffee vereint die belebende Wirkung von hochwertigem Kaffee mit den Vorteilen einer proteinreichen Ern\u00e4hrung. Ideal f\u00fcr alle, die auf Makros achten, aber nicht auf Genuss verzichten wollen.<\/p><\/div><\/div>\t\t\t\t<\/div>\n\t\t\t\t<\/div>\n\t\t\t\t<div class=\"elementor-element elementor-element-40c97fb elementor-position-top elementor-widget elementor-widget-image-box\" data-id=\"40c97fb\" data-element_type=\"widget\" data-settings=\"{&quot;ekit_we_effect_on&quot;:&quot;none&quot;}\" data-widget_type=\"image-box.default\">\n\t\t\t\t<div class=\"elementor-widget-container\">\n\t\t\t\t\t<div class=\"elementor-image-box-wrapper\"><figure class=\"elementor-image-box-img\"><img loading=\"lazy\" decoding=\"async\" width=\"1500\" height=\"1500\" src=\"https:\/\/branddistinction.shop\/wp-content\/uploads\/2026\/03\/719X-MW-ElL._AC_SL1500_.jpg\" class=\"attachment-full size-full wp-image-14489 wvs-archive-product-image\" alt=\"\" srcset=\"https:\/\/branddistinction.shop\/wp-content\/uploads\/2026\/03\/719X-MW-ElL._AC_SL1500_.jpg 1500w, https:\/\/branddistinction.shop\/wp-content\/uploads\/2026\/03\/719X-MW-ElL._AC_SL1500_-300x300.jpg 300w, https:\/\/branddistinction.shop\/wp-content\/uploads\/2026\/03\/719X-MW-ElL._AC_SL1500_-1024x1024.jpg 1024w, https:\/\/branddistinction.shop\/wp-content\/uploads\/2026\/03\/719X-MW-ElL._AC_SL1500_-150x150.jpg 150w, https:\/\/branddistinction.shop\/wp-content\/uploads\/2026\/03\/719X-MW-ElL._AC_SL1500_-768x768.jpg 768w, https:\/\/branddistinction.shop\/wp-content\/uploads\/2026\/03\/719X-MW-ElL._AC_SL1500_-12x12.jpg 12w, https:\/\/branddistinction.shop\/wp-content\/uploads\/2026\/03\/719X-MW-ElL._AC_SL1500_-600x600.jpg 600w, https:\/\/branddistinction.shop\/wp-content\/uploads\/2026\/03\/719X-MW-ElL._AC_SL1500_-100x100.jpg 100w, https:\/\/branddistinction.shop\/wp-content\/uploads\/2026\/03\/719X-MW-ElL._AC_SL1500_-50x50.jpg 50w, https:\/\/branddistinction.shop\/wp-content\/uploads\/2026\/03\/719X-MW-ElL._AC_SL1500_-1x1.jpg 1w, https:\/\/branddistinction.shop\/wp-content\/uploads\/2026\/03\/719X-MW-ElL._AC_SL1500_-10x10.jpg 10w\" sizes=\"auto, (max-width: 1500px) 100vw, 1500px\" \/><\/figure><div class=\"elementor-image-box-content\"><h3 class=\"elementor-image-box-title\">95 % weniger Zucker \u2013 voller Geschmack<\/h3><p class=\"elementor-image-box-description\">Schluss mit der Zuckerschleuder! Wir haben den Zucker um ganze 95 % reduziert, ohne dabei Kompromisse beim Geschmack einzugehen. Keine k\u00fcnstliche S\u00fc\u00dfe, sondern ein nat\u00fcrlich ausbalanciertes Aroma, das den puren Kaffeegenuss in den Vordergrund stellt.<\/p><\/div><\/div>\t\t\t\t<\/div>\n\t\t\t\t<\/div>\n\t\t\t\t<\/div>\n\t\t\t\t<\/div>\n\t\t<div class=\"elementor-element elementor-element-61b70ffb e-con-full e-flex e-con e-child\" data-id=\"61b70ffb\" data-element_type=\"container\" data-settings=\"{&quot;ekit_has_onepagescroll_dot&quot;:&quot;yes&quot;}\">\n\t\t\t\t<div class=\"elementor-element elementor-element-17457e41 elementor-widget elementor-widget-image\" data-id=\"17457e41\" data-element_type=\"widget\" data-settings=\"{&quot;ekit_we_effect_on&quot;:&quot;none&quot;}\" data-widget_type=\"image.default\">\n\t\t\t\t<div class=\"elementor-widget-container\">\n\t\t\t\t\t\t\t\t\t\t\t\t\t\t\t<img loading=\"lazy\" decoding=\"async\" width=\"1024\" height=\"420\" src=\"https:\/\/branddistinction.shop\/wp-content\/uploads\/2026\/03\/1-25-1024x420.jpg\" class=\"attachment-large size-large wp-image-14490 wvs-archive-product-image\" alt=\"\" srcset=\"https:\/\/branddistinction.shop\/wp-content\/uploads\/2026\/03\/1-25-1024x420.jpg 1024w, https:\/\/branddistinction.shop\/wp-content\/uploads\/2026\/03\/1-25-300x123.jpg 300w, https:\/\/branddistinction.shop\/wp-content\/uploads\/2026\/03\/1-25-768x315.jpg 768w, https:\/\/branddistinction.shop\/wp-content\/uploads\/2026\/03\/1-25-18x7.jpg 18w, https:\/\/branddistinction.shop\/wp-content\/uploads\/2026\/03\/1-25-600x246.jpg 600w, https:\/\/branddistinction.shop\/wp-content\/uploads\/2026\/03\/1-25-1x1.jpg 1w, https:\/\/branddistinction.shop\/wp-content\/uploads\/2026\/03\/1-25-10x4.jpg 10w, https:\/\/branddistinction.shop\/wp-content\/uploads\/2026\/03\/1-25.jpg 1464w\" sizes=\"auto, (max-width: 1024px) 100vw, 1024px\" \/>\t\t\t\t\t\t\t\t\t\t\t\t\t\t\t<\/div>\n\t\t\t\t<\/div>\n\t\t\t\t<div class=\"elementor-element elementor-element-671d019a elementor-widget elementor-widget-image\" data-id=\"671d019a\" data-element_type=\"widget\" data-settings=\"{&quot;ekit_we_effect_on&quot;:&quot;none&quot;}\" data-widget_type=\"image.default\">\n\t\t\t\t<div class=\"elementor-widget-container\">\n\t\t\t\t\t\t\t\t\t\t\t\t\t\t\t<img loading=\"lazy\" decoding=\"async\" width=\"1024\" height=\"420\" src=\"https:\/\/branddistinction.shop\/wp-content\/uploads\/2026\/03\/2-16-1024x420.jpg\" class=\"attachment-large size-large wp-image-14491 wvs-archive-product-image\" alt=\"\" srcset=\"https:\/\/branddistinction.shop\/wp-content\/uploads\/2026\/03\/2-16-1024x420.jpg 1024w, https:\/\/branddistinction.shop\/wp-content\/uploads\/2026\/03\/2-16-300x123.jpg 300w, https:\/\/branddistinction.shop\/wp-content\/uploads\/2026\/03\/2-16-768x315.jpg 768w, https:\/\/branddistinction.shop\/wp-content\/uploads\/2026\/03\/2-16-18x7.jpg 18w, https:\/\/branddistinction.shop\/wp-content\/uploads\/2026\/03\/2-16-600x246.jpg 600w, https:\/\/branddistinction.shop\/wp-content\/uploads\/2026\/03\/2-16-1x1.jpg 1w, https:\/\/branddistinction.shop\/wp-content\/uploads\/2026\/03\/2-16-10x4.jpg 10w, https:\/\/branddistinction.shop\/wp-content\/uploads\/2026\/03\/2-16.jpg 1464w\" sizes=\"auto, (max-width: 1024px) 100vw, 1024px\" \/>\t\t\t\t\t\t\t\t\t\t\t\t\t\t\t<\/div>\n\t\t\t\t<\/div>\n\t\t\t\t<div class=\"elementor-element elementor-element-300a60b9 elementor-widget elementor-widget-image\" data-id=\"300a60b9\" data-element_type=\"widget\" data-settings=\"{&quot;ekit_we_effect_on&quot;:&quot;none&quot;}\" data-widget_type=\"image.default\">\n\t\t\t\t<div class=\"elementor-widget-container\">\n\t\t\t\t\t\t\t\t\t\t\t\t\t\t\t<img loading=\"lazy\" decoding=\"async\" width=\"1024\" height=\"420\" src=\"https:\/\/branddistinction.shop\/wp-content\/uploads\/2026\/03\/3-17-1024x420.jpg\" class=\"attachment-large size-large wp-image-14492 wvs-archive-product-image\" alt=\"\" srcset=\"https:\/\/branddistinction.shop\/wp-content\/uploads\/2026\/03\/3-17-1024x420.jpg 1024w, https:\/\/branddistinction.shop\/wp-content\/uploads\/2026\/03\/3-17-300x123.jpg 300w, https:\/\/branddistinction.shop\/wp-content\/uploads\/2026\/03\/3-17-768x315.jpg 768w, https:\/\/branddistinction.shop\/wp-content\/uploads\/2026\/03\/3-17-18x7.jpg 18w, https:\/\/branddistinction.shop\/wp-content\/uploads\/2026\/03\/3-17-600x246.jpg 600w, https:\/\/branddistinction.shop\/wp-content\/uploads\/2026\/03\/3-17-1x1.jpg 1w, https:\/\/branddistinction.shop\/wp-content\/uploads\/2026\/03\/3-17-10x4.jpg 10w, https:\/\/branddistinction.shop\/wp-content\/uploads\/2026\/03\/3-17.jpg 1464w\" sizes=\"auto, (max-width: 1024px) 100vw, 1024px\" \/>\t\t\t\t\t\t\t\t\t\t\t\t\t\t\t<\/div>\n\t\t\t\t<\/div>\n\t\t\t\t<\/div>\n\t\t\t\t\t<\/div>\n\t\t\t\t<\/div>\n\t\t\t\t<\/div>","protected":false},"excerpt":{"rendered":"<h1 class=\"a-size-base-plus a-text-bold\">\u00dcber diesen Artikel<\/h1>\n<ul class=\"a-unordered-list a-vertical a-spacing-mini\">\n<li class=\"a-spacing-mini\"><span class=\"a-list-item\">PROTEIN ICED COFFEE: In our more protein iced coffee, we combine valuable proteins with delicious iced coffee<\/span><\/li>\n<li class=\"a-spacing-mini\"><span class=\"a-list-item\">High protein, our more protein iced coffee scores with a high protein content to be precise with 19 g protein per serving<\/span><\/li>\n<li class=\"a-spacing-mini\"><span class=\"a-list-item\">Less sugar2: according to the typical More manner, our creation contains 95% less sugar than conventional instant iced coffees, as we use harmless sweeteners instead of sugar<\/span><\/li>\n<\/ul>","protected":false},"featured_media":14470,"comment_status":"open","ping_status":"closed","template":"","meta":{"_acf_changed":false},"etheme_brands":[],"product_brand":[],"product_cat":[118],"product_tag":[],"class_list":{"0":"post-14465","1":"product","2":"type-product","3":"status-publish","4":"has-post-thumbnail","6":"product_cat-sale-shop","8":"first","9":"instock","10":"sale","11":"shipping-taxable","12":"purchasable","13":"product-type-variable","14":"has-default-attributes","15":"wvs-archive-product-wrapper"},"acf":[],"_links":{"self":[{"href":"https:\/\/branddistinction.shop\/de\/wp-json\/wp\/v2\/product\/14465","targetHints":{"allow":["GET"]}}],"collection":[{"href":"https:\/\/branddistinction.shop\/de\/wp-json\/wp\/v2\/product"}],"about":[{"href":"https:\/\/branddistinction.shop\/de\/wp-json\/wp\/v2\/types\/product"}],"replies":[{"embeddable":true,"href":"https:\/\/branddistinction.shop\/de\/wp-json\/wp\/v2\/comments?post=14465"}],"version-history":[{"count":4,"href":"https:\/\/branddistinction.shop\/de\/wp-json\/wp\/v2\/product\/14465\/revisions"}],"predecessor-version":[{"id":14500,"href":"https:\/\/branddistinction.shop\/de\/wp-json\/wp\/v2\/product\/14465\/revisions\/14500"}],"wp:featuredmedia":[{"embeddable":true,"href":"https:\/\/branddistinction.shop\/de\/wp-json\/wp\/v2\/media\/14470"}],"wp:attachment":[{"href":"https:\/\/branddistinction.shop\/de\/wp-json\/wp\/v2\/media?parent=14465"}],"wp:term":[{"taxonomy":"brand","embeddable":true,"href":"https:\/\/branddistinction.shop\/de\/wp-json\/wp\/v2\/etheme_brands?post=14465"},{"taxonomy":"product_brand","embeddable":true,"href":"https:\/\/branddistinction.shop\/de\/wp-json\/wp\/v2\/product_brand?post=14465"},{"taxonomy":"product_cat","embeddable":true,"href":"https:\/\/branddistinction.shop\/de\/wp-json\/wp\/v2\/product_cat?post=14465"},{"taxonomy":"product_tag","embeddable":true,"href":"https:\/\/branddistinction.shop\/de\/wp-json\/wp\/v2\/product_tag?post=14465"}],"curies":[{"name":"wp","href":"https:\/\/api.w.org\/{rel}","templated":true}]}}